{"id":1267,"date":"2023-05-22T16:43:16","date_gmt":"2023-05-22T21:43:16","guid":{"rendered":"https:\/\/tutortask.guru\/?page_id=1267"},"modified":"2023-10-16T11:04:05","modified_gmt":"2023-10-16T16:04:05","slug":"descripcion-del-curso-mantenimiento-computadores","status":"publish","type":"page","link":"https:\/\/tutortask.guru\/index.php\/descripcion-del-curso-mantenimiento-computadores\/","title":{"rendered":"Descripcion del  curso mantenimiento de computadores"},"content":{"rendered":"\t\t<div data-elementor-type=\"wp-page\" data-elementor-id=\"1267\" class=\"elementor elementor-1267\">\n\t\t\t\t\t\t<section class=\"elementor-section elementor-top-section elementor-element elementor-element-5af5014 elementor-section-full_width elementor-section-height-default elementor-section-height-default\" data-id=\"5af5014\" data-element_type=\"section\" data-e-type=\"section\" data-settings=\"{&quot;background_background&quot;:&quot;classic&quot;}\">\n\t\t\t\t\t\t<div class=\"elementor-container elementor-column-gap-default\">\n\t\t\t\t\t<div class=\"elementor-column elementor-col-100 elementor-top-column elementor-element elementor-element-59142db\" data-id=\"59142db\" data-element_type=\"column\" data-e-type=\"column\">\n\t\t\t<div class=\"elementor-widget-wrap elementor-element-populated\">\n\t\t\t\t\t\t<section class=\"elementor-section elementor-inner-section elementor-element elementor-element-bf50aba elementor-section-boxed elementor-section-height-default elementor-section-height-default\" data-id=\"bf50aba\" data-element_type=\"section\" data-e-type=\"section\">\n\t\t\t\t\t\t<div class=\"elementor-container elementor-column-gap-default\">\n\t\t\t\t\t<div class=\"elementor-column elementor-col-66 elementor-inner-column elementor-element elementor-element-820eb2f\" data-id=\"820eb2f\" data-element_type=\"column\" data-e-type=\"column\">\n\t\t\t<div class=\"elementor-widget-wrap elementor-element-populated\">\n\t\t\t\t\t\t<div class=\"elementor-element elementor-element-d69d3da elementor-widget elementor-widget-eael-feature-list\" data-id=\"d69d3da\" data-element_type=\"widget\" data-e-type=\"widget\" data-widget_type=\"eael-feature-list.default\">\n\t\t\t\t<div class=\"elementor-widget-container\">\n\t\t\t\t\t\t\t<div class=\"-icon-position-left -tablet-icon-position-left -mobile-icon-position-left\">\n\t\t\t<ul id=\"eael-feature-list-d69d3da\" class=\"eael-feature-list-items circle stacked  eael-feature-list-vertical\" data-layout-tablet=\"vertical\" data-layout-mobile=\"vertical\">\n\t\t\t                <li class=\"eael-feature-list-item elementor-repeater-item-4a958b2\">\n                    \n\t\t\t\t\t\t<div class=\"eael-feature-list-icon-box\">\n\t\t\t\t\t\t\t<div class=\"eael-feature-list-icon-inner\">\n\n\t\t\t\t\t\t\t\t<span class=\"eael-feature-list-icon fl-icon-0\">\n\n\t\t<i aria-hidden=\"true\" class=\"fas fa-graduation-cap\"><\/i>\t\t\t\t\t\t\t\t<\/span>\n\t\t\t\t\t\t\t<\/div>\n\t\t\t\t\t\t<\/div>\n\t\t\t\t\t\t<div class=\"eael-feature-list-content-box\">\n                            <h2 class=\"eael-feature-list-title\">Diplomado<\/h2>\t\t\t\t\t\t<p class=\"eael-feature-list-content\"><\/p>\n\t\t\t\t\t\t<\/div>\n\n\t\t\t\t\t<\/li>\n\t\t\t\t\t\t\t<\/ul>\n\t\t<\/div>\n\t\t\t\t\t\t<\/div>\n\t\t\t\t<\/div>\n\t\t\t\t<div class=\"elementor-element elementor-element-88bbeed elementor-widget-divider--view-line elementor-widget elementor-widget-divider\" data-id=\"88bbeed\" data-element_type=\"widget\" data-e-type=\"widget\" data-widget_type=\"divider.default\">\n\t\t\t\t<div class=\"elementor-widget-container\">\n\t\t\t\t\t\t\t<div class=\"elementor-divider\">\n\t\t\t<span class=\"elementor-divider-separator\">\n\t\t\t\t\t\t<\/span>\n\t\t<\/div>\n\t\t\t\t\t\t<\/div>\n\t\t\t\t<\/div>\n\t\t\t\t<div class=\"elementor-element elementor-element-db83866 elementor-widget elementor-widget-heading\" data-id=\"db83866\" data-element_type=\"widget\" data-e-type=\"widget\" data-widget_type=\"heading.default\">\n\t\t\t\t<div class=\"elementor-widget-container\">\n\t\t\t\t\t<h2 class=\"elementor-heading-title elementor-size-default\">Mantenimiento y Reparaci\u00f3n de Computadores<\/h2>\t\t\t\t<\/div>\n\t\t\t\t<\/div>\n\t\t\t\t\t<\/div>\n\t\t<\/div>\n\t\t\t\t<div class=\"elementor-column elementor-col-33 elementor-inner-column elementor-element elementor-element-82e608d\" data-id=\"82e608d\" data-element_type=\"column\" data-e-type=\"column\">\n\t\t\t<div class=\"elementor-widget-wrap elementor-element-populated\">\n\t\t\t\t\t\t<div class=\"elementor-element elementor-element-c427bb9 elementor-widget elementor-widget-image\" data-id=\"c427bb9\" data-element_type=\"widget\" data-e-type=\"widget\" data-widget_type=\"image.default\">\n\t\t\t\t<div class=\"elementor-widget-container\">\n\t\t\t\t\t\t\t\t\t\t\t\t\t\t\t<img decoding=\"async\" src=\"https:\/\/tutortask.guru\/wp-content\/uploads\/2023\/05\/logo-solo-cuarrado-trnas.png\" title=\"\" alt=\"\" loading=\"lazy\" \/>\t\t\t\t\t\t\t\t\t\t\t\t\t\t\t<\/div>\n\t\t\t\t<\/div>\n\t\t\t\t\t<\/div>\n\t\t<\/div>\n\t\t\t\t\t<\/div>\n\t\t<\/section>\n\t\t\t\t\t<\/div>\n\t\t<\/div>\n\t\t\t\t\t<\/div>\n\t\t<\/section>\n\t\t\t\t<section class=\"elementor-section elementor-top-section elementor-element elementor-element-56d269f elementor-section-boxed elementor-section-height-default elementor-section-height-default\" data-id=\"56d269f\" data-element_type=\"section\" data-e-type=\"section\">\n\t\t\t\t\t\t<div class=\"elementor-container elementor-column-gap-default\">\n\t\t\t\t\t<div class=\"elementor-column elementor-col-66 elementor-top-column elementor-element elementor-element-9dd586f\" data-id=\"9dd586f\" data-element_type=\"column\" data-e-type=\"column\">\n\t\t\t<div class=\"elementor-widget-wrap elementor-element-populated\">\n\t\t\t\t\t\t<section class=\"elementor-section elementor-inner-section elementor-element elementor-element-979b78b elementor-section-boxed elementor-section-height-default elementor-section-height-default\" data-id=\"979b78b\" data-element_type=\"section\" data-e-type=\"section\">\n\t\t\t\t\t\t<div class=\"elementor-container elementor-column-gap-default\">\n\t\t\t\t\t<div class=\"elementor-column elementor-col-100 elementor-inner-column elementor-element elementor-element-d6056bb\" data-id=\"d6056bb\" data-element_type=\"column\" data-e-type=\"column\">\n\t\t\t<div class=\"elementor-widget-wrap elementor-element-populated\">\n\t\t\t\t\t\t<div class=\"elementor-element elementor-element-10e782a elementor-tabs-view-horizontal elementor-widget elementor-widget-tabs\" data-id=\"10e782a\" data-element_type=\"widget\" data-e-type=\"widget\" data-widget_type=\"tabs.default\">\n\t\t\t\t<div class=\"elementor-widget-container\">\n\t\t\t\t\t\t\t<div class=\"elementor-tabs\">\n\t\t\t<div class=\"elementor-tabs-wrapper\" role=\"tablist\" >\n\t\t\t\t\t\t\t\t\t<div id=\"elementor-tab-title-1771\" class=\"elementor-tab-title elementor-tab-desktop-title\" aria-selected=\"true\" data-tab=\"1\" role=\"tab\" tabindex=\"0\" aria-controls=\"elementor-tab-content-1771\" aria-expanded=\"false\">DESCRIPCION<\/div>\n\t\t\t\t\t\t\t\t\t<div id=\"elementor-tab-title-1772\" class=\"elementor-tab-title elementor-tab-desktop-title\" aria-selected=\"false\" data-tab=\"2\" role=\"tab\" tabindex=\"-1\" aria-controls=\"elementor-tab-content-1772\" aria-expanded=\"false\">PLAN DE ESTUDIOS<\/div>\n\t\t\t\t\t\t\t\t\t<div id=\"elementor-tab-title-1773\" class=\"elementor-tab-title elementor-tab-desktop-title\" aria-selected=\"false\" data-tab=\"3\" role=\"tab\" tabindex=\"-1\" aria-controls=\"elementor-tab-content-1773\" aria-expanded=\"false\">PERFIL<\/div>\n\t\t\t\t\t\t\t<\/div>\n\t\t\t<div class=\"elementor-tabs-content-wrapper\" role=\"tablist\" aria-orientation=\"vertical\">\n\t\t\t\t\t\t\t\t\t<div class=\"elementor-tab-title elementor-tab-mobile-title\" aria-selected=\"true\" data-tab=\"1\" role=\"tab\" tabindex=\"0\" aria-controls=\"elementor-tab-content-1771\" aria-expanded=\"false\">DESCRIPCION<\/div>\n\t\t\t\t\t<div id=\"elementor-tab-content-1771\" class=\"elementor-tab-content elementor-clearfix\" data-tab=\"1\" role=\"tabpanel\" aria-labelledby=\"elementor-tab-title-1771\" tabindex=\"0\" hidden=\"false\"><p><strong><span style=\"color: #000080;\">OBJETIVO:<\/span><\/strong><\/p><p>Desarrollar habilidades en el mantenimiento y la reparaci\u00f3n de computadores a nivel Hardware y Software, para computadores de Escritorio, Only One y port\u00e1tiles usando las t\u00e9cnicas necesarias para desempe\u00f1arse de forma profesional en una compa\u00f1\u00eda o en su propio negocio.<\/p><p><strong><span style=\"color: #000080;\">INTENCIDAD HORARIA:\u00a0\u00a0<\/span><\/strong>155 horas<\/p><p><strong><span style=\"color: #000080;\">DURACION: <\/span><\/strong>14 semanas<\/p><p><strong><span style=\"color: #000080;\">MODALIDAD:\u00a0 <\/span><\/strong>Virtual, clases en vivo\u00a0<\/p><\/div>\n\t\t\t\t\t\t\t\t\t<div class=\"elementor-tab-title elementor-tab-mobile-title\" aria-selected=\"false\" data-tab=\"2\" role=\"tab\" tabindex=\"-1\" aria-controls=\"elementor-tab-content-1772\" aria-expanded=\"false\">PLAN DE ESTUDIOS<\/div>\n\t\t\t\t\t<div id=\"elementor-tab-content-1772\" class=\"elementor-tab-content elementor-clearfix\" data-tab=\"2\" role=\"tabpanel\" aria-labelledby=\"elementor-tab-title-1772\" tabindex=\"0\" hidden=\"hidden\"><p><strong><span style=\"color: #000080;\">UNIDAD 1<\/span><\/strong><\/p><p><strong><span style=\"color: #000080;\">Introducci\u00f3n y Electr\u00f3nica B\u00e1sica<\/span><\/strong><\/p><p>1. Conceptos b\u00e1sicos de inform\u00e1tica y sistematizaci\u00f3n<\/p><p>2. Hardware y software<\/p><p>3. Conceptos de electricidad y electr\u00f3nica<\/p><p>4. Simbolog\u00eda electr\u00f2nica.<\/p><p>4. Simbolog\u00eda electr\u00f2nica.<\/p><p>6. Resistencia el\u00e9ctrica<\/p><p>7. C\u00f3digo de colores<\/p><p>8. Unidad de medida e instrumentos de medida<\/p><p>9. Servidores<\/p><p>10. Capacitancia el\u00e9ctrica<\/p><p>11. El condensador<\/p><p>12. Unidades de medida (mhz, bytes)<\/p><p>13. Semiconductores<\/p><p>14. El circuito integrado<\/p><p>15. Pruebas funciones y aplicaciones<\/p><p>16. An\u00e1lisis de circuitos<\/p><p>17. Circuitos digitales<\/p><p>18. Soldadura<\/p><p>19. Como probar circuitos<\/p><p>20. La fuente ATX<\/p><p>21. La fuente de poder del port\u00e1til<\/p><p><strong><span style=\"color: #000080;\">UNIDAD 2<\/span><\/strong><\/p><p><strong><span style=\"color: #000080;\">\u00a0Arquitectura del PC y Ensamble de Equipos<\/span><\/strong><\/p><p>1. Board, CPU, memorias, buses de datos, tarjetas, puertos<\/p><p>2. Discos duros, unidades \u00f3pticas<\/p><p>3. Perif\u00e9ricos e\/s<\/p><p>4. Identificar componentes SMD.<\/p><p>5. Medici\u00f3n de componentes SMD.<\/p><p>6. C\u00f3digo de letras en componentes SMD.<\/p><p>7. Hoja de datos (datasheet).<\/p><p>8. Tipos de cajas<\/p><p>9. Ensamble desde cero<\/p><p>10. Armado de la caja<\/p><p>11. Instalando unidades \u00f3pticas y discos duros<\/p><p><strong><span style=\"color: #000080;\">UNIDAD 3<\/span><\/strong><\/p><p><strong><span style=\"color: #000080;\">Mantenimiento y Reparaci\u00f3n de Computadores de Escritorio y Portatiles<br \/><\/span><\/strong><\/p><p>1. Computadores de escritorio<\/p><p>2. Preparaci\u00f3n de discos<\/p><p>3. Instalaci\u00f3n de sistemas operativos<\/p><p>4. Configuraci\u00f3n de hardware<\/p><p>5. Instalaci\u00f3n y actualizaci\u00f3n de aplicaciones nya<\/p><p>6. Copciones finales<\/p><p>7. Mantenimiento superficial preventivo y correctivo<\/p><p>8. Mantenimiento interno preventivo y correctivo<\/p><p>9. Computadores port\u00e1tiles<\/p><p>10. Introducci\u00f3n en laptops.<\/p><p>11. Partes principales y secundarias en una laptop.<\/p><p>12. Diagn\u00f3stico de una laptop desde sistema operativo.<\/p><p>13. Estructura interna y externa de una laptop.<\/p><p>14. Mantenimiento superficial preventivo y correctivo<\/p><p>15. Mantenimiento interno preventivo y correctivo<\/p><p>16. Mejora de rendimiento<\/p><p><strong><span style=\"color: #000080;\">UNIDAD 4<\/span><\/strong><\/p><p><strong><span style=\"color: #000080;\">Identificaci\u00f3n de Herramientas y Calidad en el Servicio<br \/><\/span><\/strong><\/p><p>1. Herramientas para mantenimiento de hardware y software<\/p><p>2. Pruebas<\/p><p>3. Normas de calidad para mantenimiento de computo<\/p><p>4. Manuales de servicio.<\/p><\/div>\n\t\t\t\t\t\t\t\t\t<div class=\"elementor-tab-title elementor-tab-mobile-title\" aria-selected=\"false\" data-tab=\"3\" role=\"tab\" tabindex=\"-1\" aria-controls=\"elementor-tab-content-1773\" aria-expanded=\"false\">PERFIL<\/div>\n\t\t\t\t\t<div id=\"elementor-tab-content-1773\" class=\"elementor-tab-content elementor-clearfix\" data-tab=\"3\" role=\"tabpanel\" aria-labelledby=\"elementor-tab-title-1773\" tabindex=\"0\" hidden=\"hidden\"><p>Este curso est\u00e1 dise\u00f1ado para aquellos interesados en adquirir conocimientos s\u00f3lidos en el \u00e1rea de sistemas. Est\u00e1 dirigido a estudiantes, profesionales y entusiastas de la tecnolog\u00eda que deseen desarrollar habilidades en programaci\u00f3n, administraci\u00f3n de redes, seguridad inform\u00e1tica y soporte t\u00e9cnico. No se requieren conocimientos previos, pero se valorar\u00e1 el inter\u00e9s y la pasi\u00f3n por el mundo de la inform\u00e1tica y la tecnolog\u00eda.<\/p><p><strong><span style=\"color: #000080;\">COMPETENCIAS ADQUIRIDAS<\/span><\/strong><\/p><p>Al finalizar este curso, el estudiante estar\u00e1 capacitado para desarrollar habilidades en el mantenimiento y reparaci\u00f3n de sistemas inform\u00e1ticos. Ser\u00e1 capaz de diagnosticar y solucionar problemas de hardware y software, realizar tareas de mantenimiento preventivo,\u00a0 y aplicar medidas de seguridad b\u00e1sicas. Estar\u00e1 preparado para ejercer en empresas de soporte t\u00e9cnico, departamentos de tecnolog\u00eda, servicios de reparaci\u00f3n de equipos inform\u00e1ticos o emprender su propio negocio de mantenimiento y reparaci\u00f3n de sistemas. Se abrir\u00e1n diferentes oportunidades laborales.<\/p><\/div>\n\t\t\t\t\t\t\t<\/div>\n\t\t<\/div>\n\t\t\t\t\t\t<\/div>\n\t\t\t\t<\/div>\n\t\t\t\t\t<\/div>\n\t\t<\/div>\n\t\t\t\t\t<\/div>\n\t\t<\/section>\n\t\t\t\t\t<\/div>\n\t\t<\/div>\n\t\t\t\t<div class=\"elementor-column elementor-col-33 elementor-top-column elementor-element elementor-element-658935c\" data-id=\"658935c\" data-element_type=\"column\" data-e-type=\"column\">\n\t\t\t<div class=\"elementor-widget-wrap elementor-element-populated\">\n\t\t\t\t\t\t<section class=\"elementor-section elementor-inner-section elementor-element elementor-element-88b6b80 elementor-section-boxed elementor-section-height-default elementor-section-height-default\" data-id=\"88b6b80\" data-element_type=\"section\" data-e-type=\"section\">\n\t\t\t\t\t\t<div class=\"elementor-container elementor-column-gap-default\">\n\t\t\t\t\t<div class=\"elementor-column elementor-col-100 elementor-inner-column elementor-element elementor-element-3cb061b\" data-id=\"3cb061b\" data-element_type=\"column\" data-e-type=\"column\" data-settings=\"{&quot;background_background&quot;:&quot;classic&quot;}\">\n\t\t\t<div class=\"elementor-widget-wrap elementor-element-populated\">\n\t\t\t\t\t\t<div class=\"elementor-element elementor-element-1a9563f elementor-position-top elementor-widget elementor-widget-image-box\" data-id=\"1a9563f\" data-element_type=\"widget\" data-e-type=\"widget\" data-widget_type=\"image-box.default\">\n\t\t\t\t<div class=\"elementor-widget-container\">\n\t\t\t\t\t<div class=\"elementor-image-box-wrapper\"><figure class=\"elementor-image-box-img\"><a href=\"https:\/\/tutortask.guru\/index.php\/inscripciones\/\" tabindex=\"-1\"><img fetchpriority=\"high\" decoding=\"async\" width=\"472\" height=\"315\" src=\"https:\/\/tutortask.guru\/wp-content\/uploads\/2023\/05\/curso-computadores.jpg\" class=\"attachment-full size-full wp-image-1246\" alt=\"\" srcset=\"https:\/\/tutortask.guru\/wp-content\/uploads\/2023\/05\/curso-computadores.jpg 472w, https:\/\/tutortask.guru\/wp-content\/uploads\/2023\/05\/curso-computadores-300x200.jpg 300w\" sizes=\"(max-width: 472px) 100vw, 472px\" \/><\/a><\/figure><div class=\"elementor-image-box-content\"><h3 class=\"elementor-image-box-title\"><a href=\"https:\/\/tutortask.guru\/index.php\/inscripciones\/\">\u00a1 Descuento del  40%!<\/a><\/h3><\/div><\/div>\t\t\t\t<\/div>\n\t\t\t\t<\/div>\n\t\t\t\t<div class=\"elementor-element elementor-element-8e97335 elementor-widget elementor-widget-icon-box\" data-id=\"8e97335\" data-element_type=\"widget\" data-e-type=\"widget\" data-widget_type=\"icon-box.default\">\n\t\t\t\t<div class=\"elementor-widget-container\">\n\t\t\t\t\t\t\t<div class=\"elementor-icon-box-wrapper\">\n\n\t\t\t\n\t\t\t\t\t\t<div class=\"elementor-icon-box-content\">\n\n\t\t\t\t\t\t\t\t\t<h3 class=\"elementor-icon-box-title\">\n\t\t\t\t\t\t<span  >\n\t\t\t\t\t\t\tAntes: $1.825.000\t\t\t\t\t\t<\/span>\n\t\t\t\t\t<\/h3>\n\t\t\t\t\n\t\t\t\t\t\t\t\t\t<p class=\"elementor-icon-box-description\">\n\t\t\t\t\t\tAhora: $ 1.095.000\t\t\t\t\t<\/p>\n\t\t\t\t\n\t\t\t<\/div>\n\t\t\t\n\t\t<\/div>\n\t\t\t\t\t\t<\/div>\n\t\t\t\t<\/div>\n\t\t\t\t<div class=\"elementor-element elementor-element-0938148 elementor-widget-divider--view-line_icon elementor-view-default elementor-widget-divider--element-align-center elementor-widget elementor-widget-divider\" data-id=\"0938148\" data-element_type=\"widget\" data-e-type=\"widget\" data-widget_type=\"divider.default\">\n\t\t\t\t<div class=\"elementor-widget-container\">\n\t\t\t\t\t\t\t<div class=\"elementor-divider\">\n\t\t\t<span class=\"elementor-divider-separator\">\n\t\t\t\t\t\t\t<div class=\"elementor-icon elementor-divider__element\">\n\t\t\t\t\t<i aria-hidden=\"true\" class=\"fas fa-star\"><\/i><\/div>\n\t\t\t\t\t\t<\/span>\n\t\t<\/div>\n\t\t\t\t\t\t<\/div>\n\t\t\t\t<\/div>\n\t\t\t\t<div class=\"elementor-element elementor-element-77171fc elementor-align-center elementor-widget elementor-widget-button\" data-id=\"77171fc\" data-element_type=\"widget\" data-e-type=\"widget\" data-widget_type=\"button.default\">\n\t\t\t\t<div class=\"elementor-widget-container\">\n\t\t\t\t\t\t\t\t\t<div class=\"elementor-button-wrapper\">\n\t\t\t\t\t<a class=\"elementor-button elementor-button-link elementor-size-sm\" href=\"https:\/\/tutortask.guru\/index.php\/inscripciones\/\">\n\t\t\t\t\t\t<span class=\"elementor-button-content-wrapper\">\n\t\t\t\t\t\t<span class=\"elementor-button-icon\">\n\t\t\t\t<i aria-hidden=\"true\" class=\"far fa-edit\"><\/i>\t\t\t<\/span>\n\t\t\t\t\t\t\t\t\t<span class=\"elementor-button-text\">INSCRIBETE<\/span>\n\t\t\t\t\t<\/span>\n\t\t\t\t\t<\/a>\n\t\t\t\t<\/div>\n\t\t\t\t\t\t\t\t<\/div>\n\t\t\t\t<\/div>\n\t\t\t\t\t<\/div>\n\t\t<\/div>\n\t\t\t\t\t<\/div>\n\t\t<\/section>\n\t\t\t\t\t<\/div>\n\t\t<\/div>\n\t\t\t\t\t<\/div>\n\t\t<\/section>\n\t\t\t\t<\/div>\n\t\t","protected":false},"excerpt":{"rendered":"<p>Diplomado Mantenimiento y Reparaci\u00f3n de Computadores DESCRIPCION PLAN DE ESTUDIOS PERFIL DESCRIPCION OBJETIVO: Desarrollar habilidades en el mantenimiento y la&#8230;<\/p>\n","protected":false},"author":1,"featured_media":0,"parent":0,"menu_order":0,"comment_status":"closed","ping_status":"closed","template":"","meta":{"_eb_attr":"","inline_featured_image":false,"_kadence_starter_templates_imported_post":false,"_kad_post_transparent":"","_kad_post_title":"hide","_kad_post_layout":"fullwidth","_kad_post_sidebar_id":"","_kad_post_content_style":"unboxed","_kad_post_vertical_padding":"hide","_kad_post_feature":"hide","_kad_post_feature_position":"","_kad_post_header":false,"_kad_post_footer":false,"_kad_post_classname":"","footnotes":""},"class_list":["post-1267","page","type-page","status-publish","hentry"],"aioseo_notices":[],"_links":{"self":[{"href":"https:\/\/tutortask.guru\/index.php\/wp-json\/wp\/v2\/pages\/1267","targetHints":{"allow":["GET"]}}],"collection":[{"href":"https:\/\/tutortask.guru\/index.php\/wp-json\/wp\/v2\/pages"}],"about":[{"href":"https:\/\/tutortask.guru\/index.php\/wp-json\/wp\/v2\/types\/page"}],"author":[{"embeddable":true,"href":"https:\/\/tutortask.guru\/index.php\/wp-json\/wp\/v2\/users\/1"}],"replies":[{"embeddable":true,"href":"https:\/\/tutortask.guru\/index.php\/wp-json\/wp\/v2\/comments?post=1267"}],"version-history":[{"count":96,"href":"https:\/\/tutortask.guru\/index.php\/wp-json\/wp\/v2\/pages\/1267\/revisions"}],"predecessor-version":[{"id":2152,"href":"https:\/\/tutortask.guru\/index.php\/wp-json\/wp\/v2\/pages\/1267\/revisions\/2152"}],"wp:attachment":[{"href":"https:\/\/tutortask.guru\/index.php\/wp-json\/wp\/v2\/media?parent=1267"}],"curies":[{"name":"wp","href":"https:\/\/api.w.org\/{rel}","templated":true}]}}