{"id":1362,"date":"2023-05-24T17:15:12","date_gmt":"2023-05-24T22:15:12","guid":{"rendered":"https:\/\/tutortask.guru\/?page_id=1362"},"modified":"2023-10-16T11:05:43","modified_gmt":"2023-10-16T16:05:43","slug":"diplomados-2","status":"publish","type":"page","link":"https:\/\/tutortask.guru\/index.php\/diplomados-2\/","title":{"rendered":"DIPLOMADOS"},"content":{"rendered":"\t\t<div data-elementor-type=\"wp-page\" data-elementor-id=\"1362\" class=\"elementor elementor-1362\">\n\t\t\t\t\t\t<section class=\"elementor-section elementor-top-section elementor-element elementor-element-4c6e79b7 elementor-section-height-min-height elementor-section-items-bottom elementor-section-boxed elementor-section-height-default\" data-id=\"4c6e79b7\" data-element_type=\"section\" data-e-type=\"section\" data-settings=\"{&quot;background_background&quot;:&quot;classic&quot;}\">\n\t\t\t\t\t\t<div class=\"elementor-container elementor-column-gap-default\">\n\t\t\t\t\t<div class=\"elementor-column elementor-col-100 elementor-top-column elementor-element elementor-element-de46e9a\" data-id=\"de46e9a\" data-element_type=\"column\" data-e-type=\"column\">\n\t\t\t<div class=\"elementor-widget-wrap\">\n\t\t\t\t\t\t\t<\/div>\n\t\t<\/div>\n\t\t\t\t\t<\/div>\n\t\t<\/section>\n\t\t\t\t<section class=\"elementor-section elementor-top-section elementor-element elementor-element-6dacd61b elementor-section-boxed elementor-section-height-default elementor-section-height-default\" data-id=\"6dacd61b\" data-element_type=\"section\" data-e-type=\"section\" data-settings=\"{&quot;background_background&quot;:&quot;classic&quot;}\">\n\t\t\t\t\t\t\t<div class=\"elementor-background-overlay\"><\/div>\n\t\t\t\t\t\t\t<div class=\"elementor-container elementor-column-gap-default\">\n\t\t\t\t\t<div class=\"elementor-column elementor-col-100 elementor-top-column elementor-element elementor-element-1e4ace0\" data-id=\"1e4ace0\" data-element_type=\"column\" data-e-type=\"column\">\n\t\t\t<div class=\"elementor-widget-wrap elementor-element-populated\">\n\t\t\t\t\t\t<section class=\"elementor-section elementor-inner-section elementor-element elementor-element-9d3295f elementor-section-boxed elementor-section-height-default elementor-section-height-default\" data-id=\"9d3295f\" data-element_type=\"section\" data-e-type=\"section\">\n\t\t\t\t\t\t<div class=\"elementor-container elementor-column-gap-default\">\n\t\t\t\t\t<div class=\"elementor-column elementor-col-50 elementor-inner-column elementor-element elementor-element-2ef96d6\" data-id=\"2ef96d6\" data-element_type=\"column\" data-e-type=\"column\">\n\t\t\t<div class=\"elementor-widget-wrap elementor-element-populated\">\n\t\t\t\t\t\t<div class=\"elementor-element elementor-element-8569b14 elementor-widget elementor-widget-image\" data-id=\"8569b14\" data-element_type=\"widget\" data-e-type=\"widget\" data-widget_type=\"image.default\">\n\t\t\t\t<div class=\"elementor-widget-container\">\n\t\t\t\t\t\t\t\t\t\t\t\t\t\t\t<img fetchpriority=\"high\" decoding=\"async\" width=\"300\" height=\"199\" src=\"https:\/\/tutortask.guru\/wp-content\/uploads\/2023\/05\/pngwing.com-32-300x199.png\" class=\"attachment-medium size-medium wp-image-940\" alt=\"\" srcset=\"https:\/\/tutortask.guru\/wp-content\/uploads\/2023\/05\/pngwing.com-32-300x199.png 300w, https:\/\/tutortask.guru\/wp-content\/uploads\/2023\/05\/pngwing.com-32-768x508.png 768w, https:\/\/tutortask.guru\/wp-content\/uploads\/2023\/05\/pngwing.com-32.png 1000w\" sizes=\"(max-width: 300px) 100vw, 300px\" \/>\t\t\t\t\t\t\t\t\t\t\t\t\t\t\t<\/div>\n\t\t\t\t<\/div>\n\t\t\t\t\t<\/div>\n\t\t<\/div>\n\t\t\t\t<div class=\"elementor-column elementor-col-50 elementor-inner-column elementor-element elementor-element-a303375\" data-id=\"a303375\" data-element_type=\"column\" data-e-type=\"column\">\n\t\t\t<div class=\"elementor-widget-wrap elementor-element-populated\">\n\t\t\t\t\t\t<div class=\"elementor-element elementor-element-b0002e9 elementor-widget elementor-widget-image\" data-id=\"b0002e9\" data-element_type=\"widget\" data-e-type=\"widget\" data-widget_type=\"image.default\">\n\t\t\t\t<div class=\"elementor-widget-container\">\n\t\t\t\t\t\t\t\t\t\t\t\t\t\t\t<img decoding=\"async\" width=\"300\" height=\"207\" src=\"https:\/\/tutortask.guru\/wp-content\/uploads\/2023\/05\/pngwing.com-33-300x207.png\" class=\"attachment-medium size-medium wp-image-942\" alt=\"\" srcset=\"https:\/\/tutortask.guru\/wp-content\/uploads\/2023\/05\/pngwing.com-33-300x207.png 300w, https:\/\/tutortask.guru\/wp-content\/uploads\/2023\/05\/pngwing.com-33-768x529.png 768w, https:\/\/tutortask.guru\/wp-content\/uploads\/2023\/05\/pngwing.com-33.png 1006w\" sizes=\"(max-width: 300px) 100vw, 300px\" \/>\t\t\t\t\t\t\t\t\t\t\t\t\t\t\t<\/div>\n\t\t\t\t<\/div>\n\t\t\t\t\t<\/div>\n\t\t<\/div>\n\t\t\t\t\t<\/div>\n\t\t<\/section>\n\t\t\t\t<div class=\"elementor-element elementor-element-afa5086 elementor-widget elementor-widget-heading\" data-id=\"afa5086\" data-element_type=\"widget\" data-e-type=\"widget\" data-widget_type=\"heading.default\">\n\t\t\t\t<div class=\"elementor-widget-container\">\n\t\t\t\t\t<h2 class=\"elementor-heading-title elementor-size-default\">CONOCE NUESTROS DIPLOMADOS<\/h2>\t\t\t\t<\/div>\n\t\t\t\t<\/div>\n\t\t\t\t<section class=\"elementor-section elementor-inner-section elementor-element elementor-element-f73ffbe elementor-section-boxed elementor-section-height-default elementor-section-height-default\" data-id=\"f73ffbe\" data-element_type=\"section\" data-e-type=\"section\">\n\t\t\t\t\t\t<div class=\"elementor-container elementor-column-gap-default\">\n\t\t\t\t\t<div class=\"elementor-column elementor-col-50 elementor-inner-column elementor-element elementor-element-4128462\" data-id=\"4128462\" data-element_type=\"column\" data-e-type=\"column\" data-settings=\"{&quot;background_background&quot;:&quot;classic&quot;}\">\n\t\t\t<div class=\"elementor-widget-wrap elementor-element-populated\">\n\t\t\t\t\t\t<div class=\"elementor-element elementor-element-66e914b elementor-position-top elementor-widget elementor-widget-image-box\" data-id=\"66e914b\" data-element_type=\"widget\" data-e-type=\"widget\" data-widget_type=\"image-box.default\">\n\t\t\t\t<div class=\"elementor-widget-container\">\n\t\t\t\t\t<div class=\"elementor-image-box-wrapper\"><figure class=\"elementor-image-box-img\"><img decoding=\"async\" width=\"472\" height=\"315\" src=\"https:\/\/tutortask.guru\/wp-content\/uploads\/2023\/05\/curso-computadores.jpg\" class=\"attachment-full size-full wp-image-1246\" alt=\"\" srcset=\"https:\/\/tutortask.guru\/wp-content\/uploads\/2023\/05\/curso-computadores.jpg 472w, https:\/\/tutortask.guru\/wp-content\/uploads\/2023\/05\/curso-computadores-300x200.jpg 300w\" sizes=\"(max-width: 472px) 100vw, 472px\" \/><\/figure><div class=\"elementor-image-box-content\"><h3 class=\"elementor-image-box-title\">MANTENIMIENTO Y REPARACION DE COMPUTADORES<\/h3><p class=\"elementor-image-box-description\">Domina la reparaci\u00f3n y mantenimiento de computadoras con nuestro curso especializado.\nAprende las mejores pr\u00e1cticas, diagn\u00f3stico de fallas y reparaci\u00f3n de hardware y software con nuestro curso especializado. Prep\u00e1rate para el \u00e9xito en el mundo de la tecnolog\u00eda.<\/p><\/div><\/div>\t\t\t\t<\/div>\n\t\t\t\t<\/div>\n\t\t\t\t<div class=\"elementor-element elementor-element-c6ce174 elementor-widget-elementskit-dual-button-center elementor-widget elementor-widget-elementskit-dual-button\" data-id=\"c6ce174\" data-element_type=\"widget\" data-e-type=\"widget\" data-widget_type=\"elementskit-dual-button.default\">\n\t\t\t\t<div class=\"elementor-widget-container\">\n\t\t\t\t\t<div class=\"ekit-wid-con\" >\n                <div class=\"ekit-element-align-wrapper\">\n                    <div class=\"ekit_double_button\">                <a class=\"ekit-double-btn ekit-double-btn-one\" href=\"https:\/\/tutortask.guru\/index.php\/descripcion-del-curso-mantenimiento-computadores\/\">\n                    Ver curso                <\/a>\n            <span class='ekit_button_middle_text'>&lt;&gt;<\/span>\n            <a class=\"ekit-double-btn ekit-double-btn-two\" href=\"https:\/\/tutortask.guru\/index.php\/inscripciones\/\">\n                    Inscribirse                <\/a>\n                  <\/div>\n                <\/div>\n            <\/div>\t\t\t\t<\/div>\n\t\t\t\t<\/div>\n\t\t\t\t\t<\/div>\n\t\t<\/div>\n\t\t\t\t<div class=\"elementor-column elementor-col-50 elementor-inner-column elementor-element elementor-element-9716b8c\" data-id=\"9716b8c\" data-element_type=\"column\" data-e-type=\"column\" data-settings=\"{&quot;background_background&quot;:&quot;classic&quot;}\">\n\t\t\t<div class=\"elementor-widget-wrap elementor-element-populated\">\n\t\t\t\t\t\t<div class=\"elementor-element elementor-element-d8b48b5 elementor-position-top elementor-widget elementor-widget-image-box\" data-id=\"d8b48b5\" data-element_type=\"widget\" data-e-type=\"widget\" data-widget_type=\"image-box.default\">\n\t\t\t\t<div class=\"elementor-widget-container\">\n\t\t\t\t\t<div class=\"elementor-image-box-wrapper\"><figure class=\"elementor-image-box-img\"><img loading=\"lazy\" decoding=\"async\" width=\"2375\" height=\"1582\" src=\"https:\/\/tutortask.guru\/wp-content\/uploads\/2023\/05\/curso-enfermeria-cyp-1.jpg\" class=\"attachment-full size-full wp-image-1377\" alt=\"\" srcset=\"https:\/\/tutortask.guru\/wp-content\/uploads\/2023\/05\/curso-enfermeria-cyp-1.jpg 2375w, https:\/\/tutortask.guru\/wp-content\/uploads\/2023\/05\/curso-enfermeria-cyp-1-300x200.jpg 300w, https:\/\/tutortask.guru\/wp-content\/uploads\/2023\/05\/curso-enfermeria-cyp-1-1024x682.jpg 1024w, https:\/\/tutortask.guru\/wp-content\/uploads\/2023\/05\/curso-enfermeria-cyp-1-768x512.jpg 768w, https:\/\/tutortask.guru\/wp-content\/uploads\/2023\/05\/curso-enfermeria-cyp-1-1536x1023.jpg 1536w, https:\/\/tutortask.guru\/wp-content\/uploads\/2023\/05\/curso-enfermeria-cyp-1-2048x1364.jpg 2048w\" sizes=\"(max-width: 2375px) 100vw, 2375px\" \/><\/figure><div class=\"elementor-image-box-content\"><h3 class=\"elementor-image-box-title\">ENFERMERIA Y PRIMEROS AUXILIOS<\/h3><p class=\"elementor-image-box-description\">Ad\u00e9ntrate en el fascinante mundo de la enfermer\u00eda y los primeros auxilios. Adquiere conocimientos fundamentales para brindar atenci\u00f3n sanitaria de calidad. Con nuestro curso especializado, estar\u00e1s preparado para marcar la diferencia y ayudar a salvar vidas en situaciones de emergencia<\/p><\/div><\/div>\t\t\t\t<\/div>\n\t\t\t\t<\/div>\n\t\t\t\t<div class=\"elementor-element elementor-element-11a946b elementor-widget-elementskit-dual-button-center elementor-widget elementor-widget-elementskit-dual-button\" data-id=\"11a946b\" data-element_type=\"widget\" data-e-type=\"widget\" data-widget_type=\"elementskit-dual-button.default\">\n\t\t\t\t<div class=\"elementor-widget-container\">\n\t\t\t\t\t<div class=\"ekit-wid-con\" >\n                <div class=\"ekit-element-align-wrapper\">\n                    <div class=\"ekit_double_button\">                <a class=\"ekit-double-btn ekit-double-btn-one\" href=\"https:\/\/tutortask.guru\/index.php\/descripcion-del-curso-enfermeria-y-primeros-auxilios\/\">\n                    Ver curso                <\/a>\n            <span class='ekit_button_middle_text'>&lt;&gt;<\/span>\n            <a class=\"ekit-double-btn ekit-double-btn-two\" href=\"https:\/\/tutortask.guru\/index.php\/inscripciones\/\">\n                    Inscribirse                <\/a>\n                  <\/div>\n                <\/div>\n            <\/div>\t\t\t\t<\/div>\n\t\t\t\t<\/div>\n\t\t\t\t\t<\/div>\n\t\t<\/div>\n\t\t\t\t\t<\/div>\n\t\t<\/section>\n\t\t\t\t<div class=\"elementor-element elementor-element-7516fa7 elementor-widget elementor-widget-spacer\" data-id=\"7516fa7\" data-element_type=\"widget\" data-e-type=\"widget\" data-widget_type=\"spacer.default\">\n\t\t\t\t<div class=\"elementor-widget-container\">\n\t\t\t\t\t\t\t<div class=\"elementor-spacer\">\n\t\t\t<div class=\"elementor-spacer-inner\"><\/div>\n\t\t<\/div>\n\t\t\t\t\t\t<\/div>\n\t\t\t\t<\/div>\n\t\t\t\t\t<\/div>\n\t\t<\/div>\n\t\t\t\t\t<\/div>\n\t\t<\/section>\n\t\t\t\t<\/div>\n\t\t","protected":false},"excerpt":{"rendered":"<p>CONOCE NUESTROS DIPLOMADOS MANTENIMIENTO Y REPARACION DE COMPUTADORES Domina la reparaci\u00f3n y mantenimiento de computadoras con nuestro curso especializado. Aprende&#8230;<\/p>\n","protected":false},"author":1,"featured_media":0,"parent":0,"menu_order":0,"comment_status":"closed","ping_status":"closed","template":"","meta":{"_eb_attr":"","inline_featured_image":false,"_kadence_starter_templates_imported_post":true,"_kad_post_transparent":"","_kad_post_title":"hide","_kad_post_layout":"fullwidth","_kad_post_sidebar_id":"","_kad_post_content_style":"unboxed","_kad_post_vertical_padding":"hide","_kad_post_feature":"hide","_kad_post_feature_position":"","_kad_post_header":false,"_kad_post_footer":false,"_kad_post_classname":"","footnotes":""},"class_list":["post-1362","page","type-page","status-publish","hentry"],"aioseo_notices":[],"_links":{"self":[{"href":"https:\/\/tutortask.guru\/index.php\/wp-json\/wp\/v2\/pages\/1362","targetHints":{"allow":["GET"]}}],"collection":[{"href":"https:\/\/tutortask.guru\/index.php\/wp-json\/wp\/v2\/pages"}],"about":[{"href":"https:\/\/tutortask.guru\/index.php\/wp-json\/wp\/v2\/types\/page"}],"author":[{"embeddable":true,"href":"https:\/\/tutortask.guru\/index.php\/wp-json\/wp\/v2\/users\/1"}],"replies":[{"embeddable":true,"href":"https:\/\/tutortask.guru\/index.php\/wp-json\/wp\/v2\/comments?post=1362"}],"version-history":[{"count":12,"href":"https:\/\/tutortask.guru\/index.php\/wp-json\/wp\/v2\/pages\/1362\/revisions"}],"predecessor-version":[{"id":2155,"href":"https:\/\/tutortask.guru\/index.php\/wp-json\/wp\/v2\/pages\/1362\/revisions\/2155"}],"wp:attachment":[{"href":"https:\/\/tutortask.guru\/index.php\/wp-json\/wp\/v2\/media?parent=1362"}],"curies":[{"name":"wp","href":"https:\/\/api.w.org\/{rel}","templated":true}]}}