{"id":1363,"date":"2023-05-24T17:17:33","date_gmt":"2023-05-24T22:17:33","guid":{"rendered":"https:\/\/tutortask.guru\/?page_id=1363"},"modified":"2023-10-16T10:50:29","modified_gmt":"2023-10-16T15:50:29","slug":"descripcion-del-curso-enfermeria-y-primeros-auxilios","status":"publish","type":"page","link":"https:\/\/tutortask.guru\/index.php\/descripcion-del-curso-enfermeria-y-primeros-auxilios\/","title":{"rendered":"Descripcion del  curso enfermeria y primeros auxilios"},"content":{"rendered":"\t\t<div data-elementor-type=\"wp-page\" data-elementor-id=\"1363\" class=\"elementor elementor-1363\">\n\t\t\t\t\t\t<section class=\"elementor-section elementor-top-section elementor-element elementor-element-5af5014 elementor-section-full_width elementor-section-height-default elementor-section-height-default\" data-id=\"5af5014\" data-element_type=\"section\" data-e-type=\"section\" data-settings=\"{&quot;background_background&quot;:&quot;classic&quot;}\">\n\t\t\t\t\t\t<div class=\"elementor-container elementor-column-gap-default\">\n\t\t\t\t\t<div class=\"elementor-column elementor-col-100 elementor-top-column elementor-element elementor-element-59142db\" data-id=\"59142db\" data-element_type=\"column\" data-e-type=\"column\">\n\t\t\t<div class=\"elementor-widget-wrap elementor-element-populated\">\n\t\t\t\t\t\t<section class=\"elementor-section elementor-inner-section elementor-element elementor-element-bf50aba elementor-section-boxed elementor-section-height-default elementor-section-height-default\" data-id=\"bf50aba\" data-element_type=\"section\" data-e-type=\"section\">\n\t\t\t\t\t\t<div class=\"elementor-container elementor-column-gap-default\">\n\t\t\t\t\t<div class=\"elementor-column elementor-col-66 elementor-inner-column elementor-element elementor-element-820eb2f\" data-id=\"820eb2f\" data-element_type=\"column\" data-e-type=\"column\">\n\t\t\t<div class=\"elementor-widget-wrap elementor-element-populated\">\n\t\t\t\t\t\t<div class=\"elementor-element elementor-element-d69d3da elementor-widget elementor-widget-eael-feature-list\" data-id=\"d69d3da\" data-element_type=\"widget\" data-e-type=\"widget\" data-widget_type=\"eael-feature-list.default\">\n\t\t\t\t<div class=\"elementor-widget-container\">\n\t\t\t\t\t\t\t<div class=\"-icon-position-left -tablet-icon-position-left -mobile-icon-position-left\">\n\t\t\t<ul id=\"eael-feature-list-d69d3da\" class=\"eael-feature-list-items circle stacked  eael-feature-list-vertical\" data-layout-tablet=\"vertical\" data-layout-mobile=\"vertical\">\n\t\t\t                <li class=\"eael-feature-list-item elementor-repeater-item-4a958b2\">\n                    \n\t\t\t\t\t\t<div class=\"eael-feature-list-icon-box\">\n\t\t\t\t\t\t\t<div class=\"eael-feature-list-icon-inner\">\n\n\t\t\t\t\t\t\t\t<span class=\"eael-feature-list-icon fl-icon-0\">\n\n\t\t<i aria-hidden=\"true\" class=\"fas fa-graduation-cap\"><\/i>\t\t\t\t\t\t\t\t<\/span>\n\t\t\t\t\t\t\t<\/div>\n\t\t\t\t\t\t<\/div>\n\t\t\t\t\t\t<div class=\"eael-feature-list-content-box\">\n                            <h2 class=\"eael-feature-list-title\">Diplomado<\/h2>\t\t\t\t\t\t<p class=\"eael-feature-list-content\"><\/p>\n\t\t\t\t\t\t<\/div>\n\n\t\t\t\t\t<\/li>\n\t\t\t\t\t\t\t<\/ul>\n\t\t<\/div>\n\t\t\t\t\t\t<\/div>\n\t\t\t\t<\/div>\n\t\t\t\t<div class=\"elementor-element elementor-element-88bbeed elementor-widget-divider--view-line elementor-widget elementor-widget-divider\" data-id=\"88bbeed\" data-element_type=\"widget\" data-e-type=\"widget\" data-widget_type=\"divider.default\">\n\t\t\t\t<div class=\"elementor-widget-container\">\n\t\t\t\t\t\t\t<div class=\"elementor-divider\">\n\t\t\t<span class=\"elementor-divider-separator\">\n\t\t\t\t\t\t<\/span>\n\t\t<\/div>\n\t\t\t\t\t\t<\/div>\n\t\t\t\t<\/div>\n\t\t\t\t<div class=\"elementor-element elementor-element-db83866 elementor-widget elementor-widget-heading\" data-id=\"db83866\" data-element_type=\"widget\" data-e-type=\"widget\" data-widget_type=\"heading.default\">\n\t\t\t\t<div class=\"elementor-widget-container\">\n\t\t\t\t\t<h2 class=\"elementor-heading-title elementor-size-default\">ENFERMERIA Y PRIMEROS AUXILIOS<\/h2>\t\t\t\t<\/div>\n\t\t\t\t<\/div>\n\t\t\t\t\t<\/div>\n\t\t<\/div>\n\t\t\t\t<div class=\"elementor-column elementor-col-33 elementor-inner-column elementor-element elementor-element-82e608d\" data-id=\"82e608d\" data-element_type=\"column\" data-e-type=\"column\">\n\t\t\t<div class=\"elementor-widget-wrap elementor-element-populated\">\n\t\t\t\t\t\t<div class=\"elementor-element elementor-element-c427bb9 elementor-widget elementor-widget-image\" data-id=\"c427bb9\" data-element_type=\"widget\" data-e-type=\"widget\" data-widget_type=\"image.default\">\n\t\t\t\t<div class=\"elementor-widget-container\">\n\t\t\t\t\t\t\t\t\t\t\t\t\t\t\t<img decoding=\"async\" src=\"https:\/\/tutortask.guru\/wp-content\/uploads\/2023\/05\/logo-solo-cuarrado-trnas.png\" title=\"\" alt=\"\" loading=\"lazy\" \/>\t\t\t\t\t\t\t\t\t\t\t\t\t\t\t<\/div>\n\t\t\t\t<\/div>\n\t\t\t\t\t<\/div>\n\t\t<\/div>\n\t\t\t\t\t<\/div>\n\t\t<\/section>\n\t\t\t\t\t<\/div>\n\t\t<\/div>\n\t\t\t\t\t<\/div>\n\t\t<\/section>\n\t\t\t\t<section class=\"elementor-section elementor-top-section elementor-element elementor-element-56d269f elementor-section-boxed elementor-section-height-default elementor-section-height-default\" data-id=\"56d269f\" data-element_type=\"section\" data-e-type=\"section\">\n\t\t\t\t\t\t<div class=\"elementor-container elementor-column-gap-default\">\n\t\t\t\t\t<div class=\"elementor-column elementor-col-66 elementor-top-column elementor-element elementor-element-9dd586f\" data-id=\"9dd586f\" data-element_type=\"column\" data-e-type=\"column\">\n\t\t\t<div class=\"elementor-widget-wrap elementor-element-populated\">\n\t\t\t\t\t\t<section class=\"elementor-section elementor-inner-section elementor-element elementor-element-979b78b elementor-section-boxed elementor-section-height-default elementor-section-height-default\" data-id=\"979b78b\" data-element_type=\"section\" data-e-type=\"section\">\n\t\t\t\t\t\t<div class=\"elementor-container elementor-column-gap-default\">\n\t\t\t\t\t<div class=\"elementor-column elementor-col-100 elementor-inner-column elementor-element elementor-element-d6056bb\" data-id=\"d6056bb\" data-element_type=\"column\" data-e-type=\"column\">\n\t\t\t<div class=\"elementor-widget-wrap elementor-element-populated\">\n\t\t\t\t\t\t<div class=\"elementor-element elementor-element-10e782a elementor-tabs-view-horizontal elementor-widget elementor-widget-tabs\" data-id=\"10e782a\" data-element_type=\"widget\" data-e-type=\"widget\" data-widget_type=\"tabs.default\">\n\t\t\t\t<div class=\"elementor-widget-container\">\n\t\t\t\t\t\t\t<div class=\"elementor-tabs\">\n\t\t\t<div class=\"elementor-tabs-wrapper\" role=\"tablist\" >\n\t\t\t\t\t\t\t\t\t<div id=\"elementor-tab-title-1771\" class=\"elementor-tab-title elementor-tab-desktop-title\" aria-selected=\"true\" data-tab=\"1\" role=\"tab\" tabindex=\"0\" aria-controls=\"elementor-tab-content-1771\" aria-expanded=\"false\">DESCRIPCION<\/div>\n\t\t\t\t\t\t\t\t\t<div id=\"elementor-tab-title-1772\" class=\"elementor-tab-title elementor-tab-desktop-title\" aria-selected=\"false\" data-tab=\"2\" role=\"tab\" tabindex=\"-1\" aria-controls=\"elementor-tab-content-1772\" aria-expanded=\"false\">PLAN DE ESTUDIOS<\/div>\n\t\t\t\t\t\t\t\t\t<div id=\"elementor-tab-title-1773\" class=\"elementor-tab-title elementor-tab-desktop-title\" aria-selected=\"false\" data-tab=\"3\" role=\"tab\" tabindex=\"-1\" aria-controls=\"elementor-tab-content-1773\" aria-expanded=\"false\">PERFIL<\/div>\n\t\t\t\t\t\t\t<\/div>\n\t\t\t<div class=\"elementor-tabs-content-wrapper\" role=\"tablist\" aria-orientation=\"vertical\">\n\t\t\t\t\t\t\t\t\t<div class=\"elementor-tab-title elementor-tab-mobile-title\" aria-selected=\"true\" data-tab=\"1\" role=\"tab\" tabindex=\"0\" aria-controls=\"elementor-tab-content-1771\" aria-expanded=\"false\">DESCRIPCION<\/div>\n\t\t\t\t\t<div id=\"elementor-tab-content-1771\" class=\"elementor-tab-content elementor-clearfix\" data-tab=\"1\" role=\"tabpanel\" aria-labelledby=\"elementor-tab-title-1771\" tabindex=\"0\" hidden=\"false\"><p><strong><span style=\"color: #000080;\">OBJETIVO:<\/span><\/strong><\/p><p>Brindar conocimientos espec\u00edficos al personal de enfermer\u00eda que labore en cualquier tipo de industria, para la gesti\u00f3n efectiva y correctiva de programas de seguridad e higiene en el trabajo y prestar primeros los primeros auxilios en lugar de los hechos.<\/p><p><strong><span style=\"color: #000080;\">INTENCIDAD HORARIA:\u00a0\u00a0<\/span><\/strong>155 horas<\/p><p><strong><span style=\"color: #000080;\">DURACION: <\/span><\/strong>14 semanas<\/p><p><strong><span style=\"color: #000080;\">MODALIDAD:\u00a0 <\/span><\/strong>Virtual, clases en vivo\u00a0<\/p><p>\u00a0<\/p><\/div>\n\t\t\t\t\t\t\t\t\t<div class=\"elementor-tab-title elementor-tab-mobile-title\" aria-selected=\"false\" data-tab=\"2\" role=\"tab\" tabindex=\"-1\" aria-controls=\"elementor-tab-content-1772\" aria-expanded=\"false\">PLAN DE ESTUDIOS<\/div>\n\t\t\t\t\t<div id=\"elementor-tab-content-1772\" class=\"elementor-tab-content elementor-clearfix\" data-tab=\"2\" role=\"tabpanel\" aria-labelledby=\"elementor-tab-title-1772\" tabindex=\"0\" hidden=\"hidden\"><p><strong><span style=\"color: #000080;\">UNIDAD 1<\/span><\/strong><\/p>\n<p><strong><span style=\"color: #000080;\">&nbsp;Salud Ocupacional<\/span><\/strong><\/p>\n<p>1. Sistema General de Riesgos Laborales<\/p>\n<p>2. Trabajo y salud<\/p>\n<p>3. La salud de los trabajadores en situaciones especiales<\/p>\n<p>4. Derechos y deberes de los profesionales sanitarios<\/p>\n<p>5. Derechos y deberes de los pacientes<\/p><p style=\"margin-bottom: var(--global-md-spacing);\"><strong><span style=\"color: rgb(0, 0, 128);\">UNIDAD 2<\/span><\/strong><\/p><p style=\"margin-bottom: var(--global-md-spacing);\"><strong><span style=\"color: rgb(0, 0, 128);\">T\u00e9cnicas de Prevenci\u00f3n de Riesgos Laborales<\/span><\/strong><\/p><p style=\"margin-bottom: var(--global-md-spacing);\"><strong><\/strong><\/p><p style=\"margin-bottom: var(--global-md-spacing);\">1. Seguridad en el trabajo<\/p><p style=\"margin-bottom: var(--global-md-spacing);\">2. Protecci\u00f3n laboral<\/p><p style=\"margin-bottom: var(--global-md-spacing);\">3. Higiene Industrial<\/p><p style=\"margin-bottom: 0px;\">4. Toxicolog\u00eda laboral&nbsp;<\/p><p style=\"margin-bottom: 0px;\"><br><\/p><p style=\"margin-bottom: 0px;\"><br><\/p><p style=\"margin-bottom: var(--global-md-spacing);\"><strong><span style=\"color: rgb(0, 0, 128);\">UNIDAD 3<\/span><\/strong><\/p><p style=\"margin-bottom: var(--global-md-spacing);\"><font color=\"#000080\"><span style=\"font-weight: 700;\">Prevenci\u00f3n y Promoci\u00f3n de la Salud en el Trabajo<\/span><\/font><\/p><p style=\"margin-bottom: var(--global-md-spacing);\">1. Promoci\u00f3n de la salud y prevenci\u00f3n de la enfermedad<\/p><p style=\"margin-bottom: var(--global-md-spacing);\">2. Promoci\u00f3n de la salud laboral y sus entornos<\/p><p style=\"margin-bottom: var(--global-md-spacing);\">3. Estrategias de intervenci\u00f3n en promoci\u00f3n de la salud en el trabajo<br><\/p><p style=\"margin-bottom: var(--global-md-spacing);\"><strong style=\"font-family: var(--global-body-font-family);\"><span style=\"color: #000080;\">UNIDAD 4<\/span><\/strong><br><\/p>\n<p><strong><span style=\"color: #000080;\">Primeros Auxilios<\/span><\/strong><\/p>\n<p>1. C\u00f3mo actuar antes una emergencia<\/p>\n<p>2. Evaluaci\u00f3n del lesionado<\/p>\n<p>3. Identificaci\u00f3n de signos vitales<\/p>\n<p>4. Reanimaci\u00f3n cardiopulmonar<\/p>\n<p>5. Obstrucci\u00f3n del aparato respiratorio.<\/p>\n<p>6. Heridas y hemorragias<\/p>\n<p>7. Fractura, luxaci\u00f3n y esguince<\/p>\n<p>8. Intoxicaciones<\/p>\n<p>9. Electrocuci\u00f3n<\/p>\n<p>10. Quemaduras<\/p>\n<p>11. P\u00e9rdida de conciencia y convulsiones<\/p>\n<p>12. Hipotermia<\/p>\n<p>13. Mordeduras y picaduras<\/p>\n<p>14. Accidentes viales<\/p>\n<p style=\"margin-bottom: var(--global-md-spacing);\"><br><\/p>\n<p><br><\/p><\/div>\n\t\t\t\t\t\t\t\t\t<div class=\"elementor-tab-title elementor-tab-mobile-title\" aria-selected=\"false\" data-tab=\"3\" role=\"tab\" tabindex=\"-1\" aria-controls=\"elementor-tab-content-1773\" aria-expanded=\"false\">PERFIL<\/div>\n\t\t\t\t\t<div id=\"elementor-tab-content-1773\" class=\"elementor-tab-content elementor-clearfix\" data-tab=\"3\" role=\"tabpanel\" aria-labelledby=\"elementor-tab-title-1773\" tabindex=\"0\" hidden=\"hidden\"><p>Este curso est\u00e1 orientado a personas que deseen ingresar al campo de la enfermer\u00eda y los primeros auxilios. Est\u00e1 dirigido a <strong>cualquier persona interesada en aprender las habilidades<\/strong> necesarias para brindar cuidados b\u00e1sicos de enfermer\u00eda y asistencia en situaciones de emergencia. No se requieren conocimientos previos en enfermer\u00eda, pero se valorar\u00e1 el compromiso con el cuidado de la salud y el deseo de ayudar a los dem\u00e1s en momentos cr\u00edticos<\/p><p><strong><span style=\"color: #000080;\">COMPETENCIAS ADQUIRIDAS:<\/span><\/strong><\/p><p>Al finalizar este curso, el estudiante habr\u00e1 desarrollado habilidades fundamentales en enfermer\u00eda y primeros auxilios. Estar\u00e1 capacitado para brindar <strong>cuidados b\u00e1sicos de enfermer\u00eda<\/strong>, aplicar t\u00e9cnicas de primeros auxilios en situaciones de emergencia y asistir en la atenci\u00f3n de pacientes. Podr\u00e1 ejercer en instituciones de salud, hospitales, cl\u00ednicas, hogares de ancianos, consultorios m\u00e9dicos, servicios de ambulancia y tambi\u00e9n podr\u00e1 emprender su propio negocio de servicios de enfermer\u00eda. Se abrir\u00e1n oportunidades laborales como enfermero\/a, asistente de enfermer\u00eda\u00a0 entre otros roles relacionados con la atenci\u00f3n sanitaria.<\/p><\/div>\n\t\t\t\t\t\t\t<\/div>\n\t\t<\/div>\n\t\t\t\t\t\t<\/div>\n\t\t\t\t<\/div>\n\t\t\t\t\t<\/div>\n\t\t<\/div>\n\t\t\t\t\t<\/div>\n\t\t<\/section>\n\t\t\t\t\t<\/div>\n\t\t<\/div>\n\t\t\t\t<div class=\"elementor-column elementor-col-33 elementor-top-column elementor-element elementor-element-658935c\" data-id=\"658935c\" data-element_type=\"column\" data-e-type=\"column\">\n\t\t\t<div class=\"elementor-widget-wrap elementor-element-populated\">\n\t\t\t\t\t\t<section class=\"elementor-section elementor-inner-section elementor-element elementor-element-88b6b80 elementor-section-boxed elementor-section-height-default elementor-section-height-default\" data-id=\"88b6b80\" data-element_type=\"section\" data-e-type=\"section\">\n\t\t\t\t\t\t<div class=\"elementor-container elementor-column-gap-default\">\n\t\t\t\t\t<div class=\"elementor-column elementor-col-100 elementor-inner-column elementor-element elementor-element-3cb061b\" data-id=\"3cb061b\" data-element_type=\"column\" data-e-type=\"column\" data-settings=\"{&quot;background_background&quot;:&quot;classic&quot;}\">\n\t\t\t<div class=\"elementor-widget-wrap elementor-element-populated\">\n\t\t\t\t\t\t<div class=\"elementor-element elementor-element-1a9563f elementor-position-top elementor-widget elementor-widget-image-box\" data-id=\"1a9563f\" data-element_type=\"widget\" data-e-type=\"widget\" data-widget_type=\"image-box.default\">\n\t\t\t\t<div class=\"elementor-widget-container\">\n\t\t\t\t\t<div class=\"elementor-image-box-wrapper\"><figure class=\"elementor-image-box-img\"><a href=\"https:\/\/tutortask.guru\/index.php\/inscripciones\/\" tabindex=\"-1\"><img fetchpriority=\"high\" decoding=\"async\" width=\"2375\" height=\"1582\" src=\"https:\/\/tutortask.guru\/wp-content\/uploads\/2023\/05\/curso-enfermeria-cyp-1.jpg\" class=\"attachment-full size-full wp-image-1377\" alt=\"\" srcset=\"https:\/\/tutortask.guru\/wp-content\/uploads\/2023\/05\/curso-enfermeria-cyp-1.jpg 2375w, https:\/\/tutortask.guru\/wp-content\/uploads\/2023\/05\/curso-enfermeria-cyp-1-300x200.jpg 300w, https:\/\/tutortask.guru\/wp-content\/uploads\/2023\/05\/curso-enfermeria-cyp-1-1024x682.jpg 1024w, https:\/\/tutortask.guru\/wp-content\/uploads\/2023\/05\/curso-enfermeria-cyp-1-768x512.jpg 768w, https:\/\/tutortask.guru\/wp-content\/uploads\/2023\/05\/curso-enfermeria-cyp-1-1536x1023.jpg 1536w, https:\/\/tutortask.guru\/wp-content\/uploads\/2023\/05\/curso-enfermeria-cyp-1-2048x1364.jpg 2048w\" sizes=\"(max-width: 2375px) 100vw, 2375px\" \/><\/a><\/figure><div class=\"elementor-image-box-content\"><h3 class=\"elementor-image-box-title\"><a href=\"https:\/\/tutortask.guru\/index.php\/inscripciones\/\">\u00a1 Descuento del  40%!<\/a><\/h3><\/div><\/div>\t\t\t\t<\/div>\n\t\t\t\t<\/div>\n\t\t\t\t<div class=\"elementor-element elementor-element-8e97335 elementor-widget elementor-widget-icon-box\" data-id=\"8e97335\" data-element_type=\"widget\" data-e-type=\"widget\" data-widget_type=\"icon-box.default\">\n\t\t\t\t<div class=\"elementor-widget-container\">\n\t\t\t\t\t\t\t<div class=\"elementor-icon-box-wrapper\">\n\n\t\t\t\n\t\t\t\t\t\t<div class=\"elementor-icon-box-content\">\n\n\t\t\t\t\t\t\t\t\t<h3 class=\"elementor-icon-box-title\">\n\t\t\t\t\t\t<span  >\n\t\t\t\t\t\t\tAntes: $1.950.000\t\t\t\t\t\t<\/span>\n\t\t\t\t\t<\/h3>\n\t\t\t\t\n\t\t\t\t\t\t\t\t\t<p class=\"elementor-icon-box-description\">\n\t\t\t\t\t\tAhora: $ 1.170.000\t\t\t\t\t<\/p>\n\t\t\t\t\n\t\t\t<\/div>\n\t\t\t\n\t\t<\/div>\n\t\t\t\t\t\t<\/div>\n\t\t\t\t<\/div>\n\t\t\t\t<div class=\"elementor-element elementor-element-6b878fc elementor-widget-divider--view-line_icon elementor-view-default elementor-widget-divider--element-align-center elementor-widget elementor-widget-divider\" data-id=\"6b878fc\" data-element_type=\"widget\" data-e-type=\"widget\" data-widget_type=\"divider.default\">\n\t\t\t\t<div class=\"elementor-widget-container\">\n\t\t\t\t\t\t\t<div class=\"elementor-divider\">\n\t\t\t<span class=\"elementor-divider-separator\">\n\t\t\t\t\t\t\t<div class=\"elementor-icon elementor-divider__element\">\n\t\t\t\t\t<i aria-hidden=\"true\" class=\"fas fa-star\"><\/i><\/div>\n\t\t\t\t\t\t<\/span>\n\t\t<\/div>\n\t\t\t\t\t\t<\/div>\n\t\t\t\t<\/div>\n\t\t\t\t<div class=\"elementor-element elementor-element-77171fc elementor-align-center elementor-widget elementor-widget-button\" data-id=\"77171fc\" data-element_type=\"widget\" data-e-type=\"widget\" data-widget_type=\"button.default\">\n\t\t\t\t<div class=\"elementor-widget-container\">\n\t\t\t\t\t\t\t\t\t<div class=\"elementor-button-wrapper\">\n\t\t\t\t\t<a class=\"elementor-button elementor-button-link elementor-size-sm\" href=\"https:\/\/tutortask.guru\/index.php\/inscripciones\/\">\n\t\t\t\t\t\t<span class=\"elementor-button-content-wrapper\">\n\t\t\t\t\t\t<span class=\"elementor-button-icon\">\n\t\t\t\t<i aria-hidden=\"true\" class=\"far fa-edit\"><\/i>\t\t\t<\/span>\n\t\t\t\t\t\t\t\t\t<span class=\"elementor-button-text\">INSCRIBETE<\/span>\n\t\t\t\t\t<\/span>\n\t\t\t\t\t<\/a>\n\t\t\t\t<\/div>\n\t\t\t\t\t\t\t\t<\/div>\n\t\t\t\t<\/div>\n\t\t\t\t\t<\/div>\n\t\t<\/div>\n\t\t\t\t\t<\/div>\n\t\t<\/section>\n\t\t\t\t\t<\/div>\n\t\t<\/div>\n\t\t\t\t\t<\/div>\n\t\t<\/section>\n\t\t\t\t<\/div>\n\t\t","protected":false},"excerpt":{"rendered":"<p>Diplomado ENFERMERIA Y PRIMEROS AUXILIOS DESCRIPCION PLAN DE ESTUDIOS PERFIL DESCRIPCION OBJETIVO: Brindar conocimientos espec\u00edficos al personal de enfermer\u00eda que&#8230;<\/p>\n","protected":false},"author":1,"featured_media":0,"parent":0,"menu_order":0,"comment_status":"closed","ping_status":"closed","template":"","meta":{"_eb_attr":"","inline_featured_image":false,"_kadence_starter_templates_imported_post":false,"_kad_post_transparent":"","_kad_post_title":"hide","_kad_post_layout":"fullwidth","_kad_post_sidebar_id":"","_kad_post_content_style":"unboxed","_kad_post_vertical_padding":"hide","_kad_post_feature":"hide","_kad_post_feature_position":"","_kad_post_header":false,"_kad_post_footer":false,"_kad_post_classname":"","footnotes":""},"class_list":["post-1363","page","type-page","status-publish","hentry"],"aioseo_notices":[],"_links":{"self":[{"href":"https:\/\/tutortask.guru\/index.php\/wp-json\/wp\/v2\/pages\/1363","targetHints":{"allow":["GET"]}}],"collection":[{"href":"https:\/\/tutortask.guru\/index.php\/wp-json\/wp\/v2\/pages"}],"about":[{"href":"https:\/\/tutortask.guru\/index.php\/wp-json\/wp\/v2\/types\/page"}],"author":[{"embeddable":true,"href":"https:\/\/tutortask.guru\/index.php\/wp-json\/wp\/v2\/users\/1"}],"replies":[{"embeddable":true,"href":"https:\/\/tutortask.guru\/index.php\/wp-json\/wp\/v2\/comments?post=1363"}],"version-history":[{"count":52,"href":"https:\/\/tutortask.guru\/index.php\/wp-json\/wp\/v2\/pages\/1363\/revisions"}],"predecessor-version":[{"id":2149,"href":"https:\/\/tutortask.guru\/index.php\/wp-json\/wp\/v2\/pages\/1363\/revisions\/2149"}],"wp:attachment":[{"href":"https:\/\/tutortask.guru\/index.php\/wp-json\/wp\/v2\/media?parent=1363"}],"curies":[{"name":"wp","href":"https:\/\/api.w.org\/{rel}","templated":true}]}}