{"id":73,"date":"2021-01-19T12:30:34","date_gmt":"2021-01-19T17:30:34","guid":{"rendered":"http:\/\/www.grafas.org\/demo07\/?page_id=73"},"modified":"2023-06-07T18:52:46","modified_gmt":"2023-06-07T23:52:46","slug":"inicio","status":"publish","type":"page","link":"https:\/\/tutortask.guru\/","title":{"rendered":"INICIO"},"content":{"rendered":"\t\t<div data-elementor-type=\"wp-page\" data-elementor-id=\"73\" class=\"elementor elementor-73\">\n\t\t\t\t\t\t<section class=\"elementor-section elementor-top-section elementor-element elementor-element-4c6e79b7 elementor-section-height-min-height elementor-section-items-bottom elementor-section-boxed elementor-section-height-default\" data-id=\"4c6e79b7\" data-element_type=\"section\" data-e-type=\"section\" data-settings=\"{&quot;background_background&quot;:&quot;classic&quot;}\">\n\t\t\t\t\t\t<div class=\"elementor-container elementor-column-gap-default\">\n\t\t\t\t\t<div class=\"elementor-column elementor-col-100 elementor-top-column elementor-element elementor-element-ce10670\" data-id=\"ce10670\" data-element_type=\"column\" data-e-type=\"column\">\n\t\t\t<div class=\"elementor-widget-wrap\">\n\t\t\t\t\t\t\t<\/div>\n\t\t<\/div>\n\t\t\t\t\t<\/div>\n\t\t<\/section>\n\t\t\t\t<section class=\"elementor-section elementor-top-section elementor-element elementor-element-6dacd61b elementor-section-boxed elementor-section-height-default elementor-section-height-default\" data-id=\"6dacd61b\" data-element_type=\"section\" data-e-type=\"section\" data-settings=\"{&quot;background_background&quot;:&quot;classic&quot;}\">\n\t\t\t\t\t\t\t<div class=\"elementor-background-overlay\"><\/div>\n\t\t\t\t\t\t\t<div class=\"elementor-container elementor-column-gap-default\">\n\t\t\t\t\t<div class=\"elementor-column elementor-col-100 elementor-top-column elementor-element elementor-element-636a63bd\" data-id=\"636a63bd\" data-element_type=\"column\" data-e-type=\"column\">\n\t\t\t<div class=\"elementor-widget-wrap elementor-element-populated\">\n\t\t\t\t\t\t<div class=\"elementor-element elementor-element-5c1164c elementor-widget elementor-widget-heading\" data-id=\"5c1164c\" data-element_type=\"widget\" data-e-type=\"widget\" data-widget_type=\"heading.default\">\n\t\t\t\t<div class=\"elementor-widget-container\">\n\t\t\t\t\t<h2 class=\"elementor-heading-title elementor-size-default\">BIENVENIDOS A  NUESTRO INSTITUTO<\/h2>\t\t\t\t<\/div>\n\t\t\t\t<\/div>\n\t\t\t\t<section class=\"elementor-section elementor-inner-section elementor-element elementor-element-2ca14ae9 elementor-section-boxed elementor-section-height-default elementor-section-height-default\" data-id=\"2ca14ae9\" data-element_type=\"section\" data-e-type=\"section\">\n\t\t\t\t\t\t<div class=\"elementor-container elementor-column-gap-default\">\n\t\t\t\t\t<div class=\"elementor-column elementor-col-33 elementor-inner-column elementor-element elementor-element-655032ff animated-slow elementor-invisible\" data-id=\"655032ff\" data-element_type=\"column\" data-e-type=\"column\" data-settings=\"{&quot;background_background&quot;:&quot;classic&quot;,&quot;animation&quot;:&quot;fadeInLeft&quot;}\">\n\t\t\t<div class=\"elementor-widget-wrap elementor-element-populated\">\n\t\t\t\t\t\t<div class=\"elementor-element elementor-element-6516a738 elementor-position-top elementor-widget elementor-widget-image-box\" data-id=\"6516a738\" data-element_type=\"widget\" data-e-type=\"widget\" data-widget_type=\"image-box.default\">\n\t\t\t\t<div class=\"elementor-widget-container\">\n\t\t\t\t\t<div class=\"elementor-image-box-wrapper\"><figure class=\"elementor-image-box-img\"><img fetchpriority=\"high\" decoding=\"async\" width=\"3400\" height=\"3400\" src=\"https:\/\/tutortask.guru\/wp-content\/uploads\/2023\/03\/pngwing.com_.png\" class=\"attachment-full size-full wp-image-165\" alt=\"\" srcset=\"https:\/\/tutortask.guru\/wp-content\/uploads\/2023\/03\/pngwing.com_.png 3400w, https:\/\/tutortask.guru\/wp-content\/uploads\/2023\/03\/pngwing.com_-300x300.png 300w, https:\/\/tutortask.guru\/wp-content\/uploads\/2023\/03\/pngwing.com_-1024x1024.png 1024w, https:\/\/tutortask.guru\/wp-content\/uploads\/2023\/03\/pngwing.com_-150x150.png 150w, https:\/\/tutortask.guru\/wp-content\/uploads\/2023\/03\/pngwing.com_-768x768.png 768w, https:\/\/tutortask.guru\/wp-content\/uploads\/2023\/03\/pngwing.com_-1536x1536.png 1536w, https:\/\/tutortask.guru\/wp-content\/uploads\/2023\/03\/pngwing.com_-2048x2048.png 2048w, https:\/\/tutortask.guru\/wp-content\/uploads\/2023\/03\/pngwing.com_-600x600.png 600w, https:\/\/tutortask.guru\/wp-content\/uploads\/2023\/03\/pngwing.com_-100x100.png 100w\" sizes=\"(max-width: 3400px) 100vw, 3400px\" \/><\/figure><div class=\"elementor-image-box-content\"><h3 class=\"elementor-image-box-title\"> UN GRAN HONOR<\/h3><p class=\"elementor-image-box-description\">Es un honor para nosotros presentarles nuestro  instituto educativo especializado en la formaci\u00f3n de profesionales de excelencia. Nos enorgullece ofrecer una amplia variedad de diplomados dise\u00f1ados para cubrir las necesidades m\u00e1s exigentes de nuestra sociedad en constante evoluci\u00f3n.<\/p><\/div><\/div>\t\t\t\t<\/div>\n\t\t\t\t<\/div>\n\t\t\t\t\t<\/div>\n\t\t<\/div>\n\t\t\t\t<div class=\"elementor-column elementor-col-33 elementor-inner-column elementor-element elementor-element-b0b44c5 animated-slow elementor-invisible\" data-id=\"b0b44c5\" data-element_type=\"column\" data-e-type=\"column\" data-settings=\"{&quot;background_background&quot;:&quot;classic&quot;,&quot;animation&quot;:&quot;fadeInUp&quot;}\">\n\t\t\t<div class=\"elementor-widget-wrap elementor-element-populated\">\n\t\t\t\t\t\t<div class=\"elementor-element elementor-element-c73d33a elementor-position-top elementor-widget elementor-widget-image-box\" data-id=\"c73d33a\" data-element_type=\"widget\" data-e-type=\"widget\" data-widget_type=\"image-box.default\">\n\t\t\t\t<div class=\"elementor-widget-container\">\n\t\t\t\t\t<div class=\"elementor-image-box-wrapper\"><figure class=\"elementor-image-box-img\"><img decoding=\"async\" width=\"1224\" height=\"768\" src=\"https:\/\/tutortask.guru\/wp-content\/uploads\/2023\/03\/pngwing.com-1.png\" class=\"attachment-full size-full wp-image-166\" alt=\"\" srcset=\"https:\/\/tutortask.guru\/wp-content\/uploads\/2023\/03\/pngwing.com-1.png 1224w, https:\/\/tutortask.guru\/wp-content\/uploads\/2023\/03\/pngwing.com-1-300x188.png 300w, https:\/\/tutortask.guru\/wp-content\/uploads\/2023\/03\/pngwing.com-1-1024x643.png 1024w, https:\/\/tutortask.guru\/wp-content\/uploads\/2023\/03\/pngwing.com-1-768x482.png 768w, https:\/\/tutortask.guru\/wp-content\/uploads\/2023\/03\/pngwing.com-1-600x376.png 600w\" sizes=\"(max-width: 1224px) 100vw, 1224px\" \/><\/figure><div class=\"elementor-image-box-content\"><h3 class=\"elementor-image-box-title\">CON EL MEJOR EQUIPO<\/h3><p class=\"elementor-image-box-description\">Con un enfoque pr\u00e1ctico y actualizado, nuestros programas de estudio est\u00e1n dise\u00f1ados para proporcionar a nuestros estudiantes la capacitaci\u00f3n necesaria para enfrentar los desaf\u00edos del mundo laboral actual. Contamos con un equipo de profesionales altamente calificados en cada \u00e1rea de estudio, que comparten su experiencia y conocimientos para brindar una formaci\u00f3n de calidad y actualizada.<\/p><\/div><\/div>\t\t\t\t<\/div>\n\t\t\t\t<\/div>\n\t\t\t\t\t<\/div>\n\t\t<\/div>\n\t\t\t\t<div class=\"elementor-column elementor-col-33 elementor-inner-column elementor-element elementor-element-0470e08 animated-slow elementor-invisible\" data-id=\"0470e08\" data-element_type=\"column\" data-e-type=\"column\" data-settings=\"{&quot;background_background&quot;:&quot;classic&quot;,&quot;animation&quot;:&quot;fadeInRight&quot;}\">\n\t\t\t<div class=\"elementor-widget-wrap elementor-element-populated\">\n\t\t\t\t\t\t<div class=\"elementor-element elementor-element-6df66dd elementor-position-top elementor-widget elementor-widget-image-box\" data-id=\"6df66dd\" data-element_type=\"widget\" data-e-type=\"widget\" data-widget_type=\"image-box.default\">\n\t\t\t\t<div class=\"elementor-widget-container\">\n\t\t\t\t\t<div class=\"elementor-image-box-wrapper\"><figure class=\"elementor-image-box-img\"><img decoding=\"async\" width=\"8000\" height=\"4289\" src=\"https:\/\/tutortask.guru\/wp-content\/uploads\/2023\/03\/pngwing.com-3.png\" class=\"attachment-full size-full wp-image-167\" alt=\"\" srcset=\"https:\/\/tutortask.guru\/wp-content\/uploads\/2023\/03\/pngwing.com-3.png 8000w, https:\/\/tutortask.guru\/wp-content\/uploads\/2023\/03\/pngwing.com-3-300x161.png 300w, https:\/\/tutortask.guru\/wp-content\/uploads\/2023\/03\/pngwing.com-3-1024x549.png 1024w, https:\/\/tutortask.guru\/wp-content\/uploads\/2023\/03\/pngwing.com-3-768x412.png 768w, https:\/\/tutortask.guru\/wp-content\/uploads\/2023\/03\/pngwing.com-3-1536x823.png 1536w, https:\/\/tutortask.guru\/wp-content\/uploads\/2023\/03\/pngwing.com-3-2048x1098.png 2048w, https:\/\/tutortask.guru\/wp-content\/uploads\/2023\/03\/pngwing.com-3-600x322.png 600w\" sizes=\"(max-width: 8000px) 100vw, 8000px\" \/><\/figure><div class=\"elementor-image-box-content\"><h3 class=\"elementor-image-box-title\">COMPROMETIDOS<\/h3><p class=\"elementor-image-box-description\">Nos comprometemos a ofrecer a nuestros estudiantes un ambiente educativo de excelencia, donde podr\u00e1n desarrollar sus habilidades y competencias de manera \u00f3ptima, lo que les permitir\u00e1 crecer profesionalmente y alcanzar sus metas. Estamos comprometidos con la excelencia acad\u00e9mica y el \u00e9xito de nuestros estudiantes, y estamos seguros de que nuestro instituto ser\u00e1 una opci\u00f3n l\u00edder para aquellos que buscan una educaci\u00f3n de alta calidad.<\/p><\/div><\/div>\t\t\t\t<\/div>\n\t\t\t\t<\/div>\n\t\t\t\t\t<\/div>\n\t\t<\/div>\n\t\t\t\t\t<\/div>\n\t\t<\/section>\n\t\t\t\t<div class=\"elementor-element elementor-element-7b80fc3c elementor-widget elementor-widget-spacer\" data-id=\"7b80fc3c\" data-element_type=\"widget\" data-e-type=\"widget\" data-widget_type=\"spacer.default\">\n\t\t\t\t<div class=\"elementor-widget-container\">\n\t\t\t\t\t\t\t<div class=\"elementor-spacer\">\n\t\t\t<div class=\"elementor-spacer-inner\"><\/div>\n\t\t<\/div>\n\t\t\t\t\t\t<\/div>\n\t\t\t\t<\/div>\n\t\t\t\t<div class=\"elementor-element elementor-element-1327bc06 elementor-widget elementor-widget-spacer\" data-id=\"1327bc06\" data-element_type=\"widget\" data-e-type=\"widget\" data-widget_type=\"spacer.default\">\n\t\t\t\t<div class=\"elementor-widget-container\">\n\t\t\t\t\t\t\t<div class=\"elementor-spacer\">\n\t\t\t<div class=\"elementor-spacer-inner\"><\/div>\n\t\t<\/div>\n\t\t\t\t\t\t<\/div>\n\t\t\t\t<\/div>\n\t\t\t\t\t<\/div>\n\t\t<\/div>\n\t\t\t\t\t<\/div>\n\t\t<\/section>\n\t\t\t\t<section class=\"elementor-section elementor-top-section elementor-element elementor-element-3c17685c elementor-section-full_width elementor-section-height-min-height elementor-section-items-stretch elementor-section-content-middle elementor-reverse-tablet elementor-reverse-mobile elementor-section-height-default\" data-id=\"3c17685c\" data-element_type=\"section\" data-e-type=\"section\" data-settings=\"{&quot;background_background&quot;:&quot;classic&quot;}\">\n\t\t\t\t\t\t<div class=\"elementor-container elementor-column-gap-default\">\n\t\t\t\t\t<div class=\"elementor-column elementor-col-50 elementor-top-column elementor-element elementor-element-453bca13 animated-slow elementor-invisible\" data-id=\"453bca13\" data-element_type=\"column\" data-e-type=\"column\" data-settings=\"{&quot;background_background&quot;:&quot;classic&quot;,&quot;animation&quot;:&quot;fadeInLeft&quot;}\">\n\t\t\t<div class=\"elementor-widget-wrap elementor-element-populated\">\n\t\t\t\t\t\t<section class=\"elementor-section elementor-inner-section elementor-element elementor-element-5a2c15ed elementor-section-full_width elementor-section-height-default elementor-section-height-default\" data-id=\"5a2c15ed\" data-element_type=\"section\" data-e-type=\"section\" data-settings=\"{&quot;background_background&quot;:&quot;classic&quot;}\">\n\t\t\t\t\t\t<div class=\"elementor-container elementor-column-gap-no\">\n\t\t\t\t\t<div class=\"elementor-column elementor-col-100 elementor-inner-column elementor-element elementor-element-4ff32936\" data-id=\"4ff32936\" data-element_type=\"column\" data-e-type=\"column\">\n\t\t\t<div class=\"elementor-widget-wrap elementor-element-populated\">\n\t\t\t\t\t\t<div class=\"elementor-element elementor-element-5dc68661 elementor-widget elementor-widget-spacer\" data-id=\"5dc68661\" data-element_type=\"widget\" data-e-type=\"widget\" data-widget_type=\"spacer.default\">\n\t\t\t\t<div class=\"elementor-widget-container\">\n\t\t\t\t\t\t\t<div class=\"elementor-spacer\">\n\t\t\t<div class=\"elementor-spacer-inner\"><\/div>\n\t\t<\/div>\n\t\t\t\t\t\t<\/div>\n\t\t\t\t<\/div>\n\t\t\t\t\t<\/div>\n\t\t<\/div>\n\t\t\t\t\t<\/div>\n\t\t<\/section>\n\t\t\t\t\t<\/div>\n\t\t<\/div>\n\t\t\t\t<div class=\"elementor-column elementor-col-50 elementor-top-column elementor-element elementor-element-4d5a0139 animated-slow elementor-invisible\" data-id=\"4d5a0139\" data-element_type=\"column\" data-e-type=\"column\" data-settings=\"{&quot;animation&quot;:&quot;fadeIn&quot;,&quot;background_background&quot;:&quot;classic&quot;}\">\n\t\t\t<div class=\"elementor-widget-wrap elementor-element-populated\">\n\t\t\t\t\t\t<div class=\"elementor-element elementor-element-5505f6c3 elementor-widget__width-initial elementor-widget-mobile__width-initial elementor-view-default elementor-position-block-start elementor-mobile-position-block-start elementor-widget elementor-widget-icon-box\" data-id=\"5505f6c3\" data-element_type=\"widget\" data-e-type=\"widget\" data-widget_type=\"icon-box.default\">\n\t\t\t\t<div class=\"elementor-widget-container\">\n\t\t\t\t\t\t\t<div class=\"elementor-icon-box-wrapper\">\n\n\t\t\t\t\t\t<div class=\"elementor-icon-box-icon\">\n\t\t\t\t<span  class=\"elementor-icon\">\n\t\t\t\t<i aria-hidden=\"true\" class=\"far fa-bookmark\"><\/i>\t\t\t\t<\/span>\n\t\t\t<\/div>\n\t\t\t\n\t\t\t\t\t\t<div class=\"elementor-icon-box-content\">\n\n\t\t\t\t\n\t\t\t\t\t\t\t\t\t<p class=\"elementor-icon-box-description\">\n\t\t\t\t\t\tNuestro instituto educativo es un referente en la formaci\u00f3n de profesionales exitosos y altamente capacitados. Nos destacamos por ofrecer una amplia variedad de diplomados de la m\u00e1s alta calidad, con enfoque pr\u00e1ctico y actualizado en cada \u00e1rea de estudio.\t\t\t\t\t<\/p>\n\t\t\t\t\n\t\t\t<\/div>\n\t\t\t\n\t\t<\/div>\n\t\t\t\t\t\t<\/div>\n\t\t\t\t<\/div>\n\t\t\t\t\t<\/div>\n\t\t<\/div>\n\t\t\t\t\t<\/div>\n\t\t<\/section>\n\t\t\t\t<section class=\"elementor-section elementor-top-section elementor-element elementor-element-277b953 elementor-section-full_width elementor-section-height-min-height elementor-section-items-stretch elementor-section-content-middle elementor-section-height-default\" data-id=\"277b953\" data-element_type=\"section\" data-e-type=\"section\" data-settings=\"{&quot;background_background&quot;:&quot;classic&quot;}\">\n\t\t\t\t\t\t<div class=\"elementor-container elementor-column-gap-default\">\n\t\t\t\t\t<div class=\"elementor-column elementor-col-50 elementor-top-column elementor-element elementor-element-17fc199 animated-slow elementor-invisible\" data-id=\"17fc199\" data-element_type=\"column\" data-e-type=\"column\" data-settings=\"{&quot;animation&quot;:&quot;fadeIn&quot;,&quot;background_background&quot;:&quot;classic&quot;}\">\n\t\t\t<div class=\"elementor-widget-wrap elementor-element-populated\">\n\t\t\t\t\t\t<div class=\"elementor-element elementor-element-10756b99 elementor-widget__width-initial elementor-widget-mobile__width-initial elementor-view-default elementor-position-block-start elementor-mobile-position-block-start elementor-widget elementor-widget-icon-box\" data-id=\"10756b99\" data-element_type=\"widget\" data-e-type=\"widget\" data-widget_type=\"icon-box.default\">\n\t\t\t\t<div class=\"elementor-widget-container\">\n\t\t\t\t\t\t\t<div class=\"elementor-icon-box-wrapper\">\n\n\t\t\t\t\t\t<div class=\"elementor-icon-box-icon\">\n\t\t\t\t<span  class=\"elementor-icon\">\n\t\t\t\t<i aria-hidden=\"true\" class=\"far fa-handshake\"><\/i>\t\t\t\t<\/span>\n\t\t\t<\/div>\n\t\t\t\n\t\t\t\t\t\t<div class=\"elementor-icon-box-content\">\n\n\t\t\t\t\n\t\t\t\t\t\t\t\t\t<p class=\"elementor-icon-box-description\">\n\t\t\t\t\t\tNuestros programas est\u00e1n dise\u00f1ados y actualizados constantemente por un equipo de expertos en cada \u00e1rea de estudio, para brindar a nuestros estudiantes una formaci\u00f3n que cumpla con los est\u00e1ndares m\u00e1s altos de calidad y los prepare para enfrentar los desaf\u00edos del mundo laboral actual. Adem\u00e1s, contamos con un enfoque centrado en el estudiante, para asegurarnos de que cada uno de nuestros estudiantes reciba la atenci\u00f3n y el apoyo necesarios para alcanzar sus metas educativas y profesionales.\t\t\t\t\t<\/p>\n\t\t\t\t\n\t\t\t<\/div>\n\t\t\t\n\t\t<\/div>\n\t\t\t\t\t\t<\/div>\n\t\t\t\t<\/div>\n\t\t\t\t\t<\/div>\n\t\t<\/div>\n\t\t\t\t<div class=\"elementor-column elementor-col-50 elementor-top-column elementor-element elementor-element-5ff1403b animated-slow elementor-invisible\" data-id=\"5ff1403b\" data-element_type=\"column\" data-e-type=\"column\" data-settings=\"{&quot;background_background&quot;:&quot;classic&quot;,&quot;animation&quot;:&quot;fadeInRight&quot;}\">\n\t\t\t<div class=\"elementor-widget-wrap elementor-element-populated\">\n\t\t\t\t\t\t<div class=\"elementor-element elementor-element-c5265ae elementor-widget elementor-widget-spacer\" data-id=\"c5265ae\" data-element_type=\"widget\" data-e-type=\"widget\" data-widget_type=\"spacer.default\">\n\t\t\t\t<div class=\"elementor-widget-container\">\n\t\t\t\t\t\t\t<div class=\"elementor-spacer\">\n\t\t\t<div class=\"elementor-spacer-inner\"><\/div>\n\t\t<\/div>\n\t\t\t\t\t\t<\/div>\n\t\t\t\t<\/div>\n\t\t\t\t\t<\/div>\n\t\t<\/div>\n\t\t\t\t\t<\/div>\n\t\t<\/section>\n\t\t\t\t<section class=\"elementor-section elementor-top-section elementor-element elementor-element-1dfe8abb elementor-section-boxed elementor-section-height-default elementor-section-height-default\" data-id=\"1dfe8abb\" data-element_type=\"section\" data-e-type=\"section\" data-settings=\"{&quot;background_background&quot;:&quot;classic&quot;}\">\n\t\t\t\t\t\t\t<div class=\"elementor-background-overlay\"><\/div>\n\t\t\t\t\t\t\t<div class=\"elementor-container elementor-column-gap-default\">\n\t\t\t\t\t<div class=\"elementor-column elementor-col-100 elementor-top-column elementor-element elementor-element-53ba7139\" data-id=\"53ba7139\" data-element_type=\"column\" data-e-type=\"column\">\n\t\t\t<div class=\"elementor-widget-wrap elementor-element-populated\">\n\t\t\t\t\t\t<section class=\"elementor-section elementor-inner-section elementor-element elementor-element-1aad492a elementor-section-boxed elementor-section-height-default elementor-section-height-default\" data-id=\"1aad492a\" data-element_type=\"section\" data-e-type=\"section\">\n\t\t\t\t\t\t<div class=\"elementor-container elementor-column-gap-default\">\n\t\t\t\t\t<div class=\"elementor-column elementor-col-50 elementor-inner-column elementor-element elementor-element-24990784\" data-id=\"24990784\" data-element_type=\"column\" data-e-type=\"column\" data-settings=\"{&quot;background_background&quot;:&quot;classic&quot;}\">\n\t\t\t<div class=\"elementor-widget-wrap elementor-element-populated\">\n\t\t\t\t\t\t<div class=\"elementor-element elementor-element-fc20c63 elementor-widget__width-initial elementor-widget-mobile__width-initial elementor-widget elementor-widget-icon-box\" data-id=\"fc20c63\" data-element_type=\"widget\" data-e-type=\"widget\" data-widget_type=\"icon-box.default\">\n\t\t\t\t<div class=\"elementor-widget-container\">\n\t\t\t\t\t\t\t<div class=\"elementor-icon-box-wrapper\">\n\n\t\t\t\n\t\t\t\t\t\t<div class=\"elementor-icon-box-content\">\n\n\t\t\t\t\n\t\t\t\t\t\t\t\t\t<p class=\"elementor-icon-box-description\">\n\t\t\t\t\t\tEn nuestro instituto, creemos que la educaci\u00f3n es una herramienta poderosa para el cambio social y el desarrollo personal, por lo que estamos comprometidos en ofrecer a nuestros estudiantes una experiencia educativa de excelencia. Nuestros valores fundamentales son la innovaci\u00f3n, la excelencia acad\u00e9mica, la responsabilidad social y el liderazgo, y estamos comprometidos a inculcar estos valores en cada uno de nuestros estudiantes.\n\n\t\t\t\t\t<\/p>\n\t\t\t\t\n\t\t\t<\/div>\n\t\t\t\n\t\t<\/div>\n\t\t\t\t\t\t<\/div>\n\t\t\t\t<\/div>\n\t\t\t\t\t<\/div>\n\t\t<\/div>\n\t\t\t\t<div class=\"elementor-column elementor-col-50 elementor-inner-column elementor-element elementor-element-7733763d\" data-id=\"7733763d\" data-element_type=\"column\" data-e-type=\"column\" data-settings=\"{&quot;background_background&quot;:&quot;classic&quot;}\">\n\t\t\t<div class=\"elementor-widget-wrap elementor-element-populated\">\n\t\t\t\t\t\t<div class=\"elementor-element elementor-element-74ac1a5 elementor-widget elementor-widget-image\" data-id=\"74ac1a5\" data-element_type=\"widget\" data-e-type=\"widget\" data-widget_type=\"image.default\">\n\t\t\t\t<div class=\"elementor-widget-container\">\n\t\t\t\t\t\t\t\t\t\t\t\t\t\t\t<img decoding=\"async\" src=\"https:\/\/tutortask.guru\/wp-content\/uploads\/2023\/04\/logo-nuevo.png\" title=\"\" alt=\"\" loading=\"lazy\" \/>\t\t\t\t\t\t\t\t\t\t\t\t\t\t\t<\/div>\n\t\t\t\t<\/div>\n\t\t\t\t\t<\/div>\n\t\t<\/div>\n\t\t\t\t\t<\/div>\n\t\t<\/section>\n\t\t\t\t<div class=\"elementor-element elementor-element-490cc6d4 elementor-widget elementor-widget-spacer\" data-id=\"490cc6d4\" data-element_type=\"widget\" data-e-type=\"widget\" data-widget_type=\"spacer.default\">\n\t\t\t\t<div class=\"elementor-widget-container\">\n\t\t\t\t\t\t\t<div class=\"elementor-spacer\">\n\t\t\t<div class=\"elementor-spacer-inner\"><\/div>\n\t\t<\/div>\n\t\t\t\t\t\t<\/div>\n\t\t\t\t<\/div>\n\t\t\t\t<div class=\"elementor-element elementor-element-346993fe elementor-widget elementor-widget-spacer\" data-id=\"346993fe\" data-element_type=\"widget\" data-e-type=\"widget\" data-widget_type=\"spacer.default\">\n\t\t\t\t<div class=\"elementor-widget-container\">\n\t\t\t\t\t\t\t<div class=\"elementor-spacer\">\n\t\t\t<div class=\"elementor-spacer-inner\"><\/div>\n\t\t<\/div>\n\t\t\t\t\t\t<\/div>\n\t\t\t\t<\/div>\n\t\t\t\t\t<\/div>\n\t\t<\/div>\n\t\t\t\t\t<\/div>\n\t\t<\/section>\n\t\t\t\t<\/div>\n\t\t","protected":false},"excerpt":{"rendered":"<p>BIENVENIDOS A NUESTRO INSTITUTO UN GRAN HONOR Es un honor para nosotros presentarles nuestro instituto educativo especializado en la formaci\u00f3n&#8230;<\/p>\n","protected":false},"author":1,"featured_media":0,"parent":0,"menu_order":0,"comment_status":"closed","ping_status":"closed","template":"","meta":{"_eb_attr":"","inline_featured_image":false,"_kadence_starter_templates_imported_post":true,"_kad_post_transparent":"","_kad_post_title":"hide","_kad_post_layout":"fullwidth","_kad_post_sidebar_id":"","_kad_post_content_style":"unboxed","_kad_post_vertical_padding":"hide","_kad_post_feature":"hide","_kad_post_feature_position":"","_kad_post_header":false,"_kad_post_footer":false,"_kad_post_classname":"","footnotes":""},"class_list":["post-73","page","type-page","status-publish","hentry"],"aioseo_notices":[],"_links":{"self":[{"href":"https:\/\/tutortask.guru\/index.php\/wp-json\/wp\/v2\/pages\/73","targetHints":{"allow":["GET"]}}],"collection":[{"href":"https:\/\/tutortask.guru\/index.php\/wp-json\/wp\/v2\/pages"}],"about":[{"href":"https:\/\/tutortask.guru\/index.php\/wp-json\/wp\/v2\/types\/page"}],"author":[{"embeddable":true,"href":"https:\/\/tutortask.guru\/index.php\/wp-json\/wp\/v2\/users\/1"}],"replies":[{"embeddable":true,"href":"https:\/\/tutortask.guru\/index.php\/wp-json\/wp\/v2\/comments?post=73"}],"version-history":[{"count":148,"href":"https:\/\/tutortask.guru\/index.php\/wp-json\/wp\/v2\/pages\/73\/revisions"}],"predecessor-version":[{"id":1456,"href":"https:\/\/tutortask.guru\/index.php\/wp-json\/wp\/v2\/pages\/73\/revisions\/1456"}],"wp:attachment":[{"href":"https:\/\/tutortask.guru\/index.php\/wp-json\/wp\/v2\/media?parent=73"}],"curies":[{"name":"wp","href":"https:\/\/api.w.org\/{rel}","templated":true}]}}